{"id":1732,"date":"2024-08-20T20:08:26","date_gmt":"2024-08-20T19:08:26","guid":{"rendered":"https:\/\/parafia.faustyna.bialystok.pl\/?page_id=1732"},"modified":"2025-05-16T23:33:14","modified_gmt":"2025-05-16T22:33:14","slug":"pogrzeb-katolicki","status":"publish","type":"page","link":"https:\/\/parafia.faustyna.bialystok.pl\/?page_id=1732","title":{"rendered":"Pogrzeb katolicki"},"content":{"rendered":"\n<div class=\"wp-block-group is-nowrap is-layout-flex wp-container-core-group-is-layout-ad2f72ca wp-block-group-is-layout-flex\">\n<div class=\"wp-block-media-text is-stacked-on-mobile\" style=\"grid-template-columns:26% auto\"><figure class=\"wp-block-media-text__media\"><img fetchpriority=\"high\" decoding=\"async\" width=\"500\" height=\"375\" src=\"https:\/\/parafia.faustyna.bialystok.pl\/wp-content\/uploads\/2025\/05\/zmartw_i_zycie.jpg\" alt=\"\" class=\"wp-image-2558 size-full\" srcset=\"https:\/\/parafia.faustyna.bialystok.pl\/wp-content\/uploads\/2025\/05\/zmartw_i_zycie.jpg 500w, https:\/\/parafia.faustyna.bialystok.pl\/wp-content\/uploads\/2025\/05\/zmartw_i_zycie-300x225.jpg 300w, https:\/\/parafia.faustyna.bialystok.pl\/wp-content\/uploads\/2025\/05\/zmartw_i_zycie-465x349.jpg 465w, https:\/\/parafia.faustyna.bialystok.pl\/wp-content\/uploads\/2025\/05\/zmartw_i_zycie-320x240.jpg 320w\" sizes=\"(max-width: 500px) 100vw, 500px\" \/><\/figure><div class=\"wp-block-media-text__content\">\n<p>Przed wizyt\u0105 w kancelarii nale\u017cy przygotowa\u0107: <strong>Akt zgonu wydany przez Urz\u0105d Stanu Cywilnego <\/strong>(dokument ten jest konieczny do zarejestrowania zgonu w ksi\u0119gach parafialnych)<\/p>\n\n\n\n<p><\/p>\n\n\n\n<p>Dokumenty uzupe\u0142niaj\u0105ce (o ile osoba zg\u0142aszaj\u0105ca pogrzeb jest w ich posiadaniu):<\/p>\n\n\n\n<div class=\"wp-block-group\"><div class=\"wp-block-group__inner-container is-layout-constrained wp-block-group-is-layout-constrained\">\n<blockquote class=\"wp-block-quote is-layout-flow wp-block-quote-is-layout-flow\">\n<p>informacje o przyczynie zgonu<\/p>\n<\/blockquote>\n\n\n\n<blockquote class=\"wp-block-quote is-layout-flow wp-block-quote-is-layout-flow\">\n<p>obrazki potwierdzaj\u0105ce udzielanie sakrament\u00f3w<\/p>\n<\/blockquote>\n\n\n\n<blockquote class=\"wp-block-quote is-layout-flow wp-block-quote-is-layout-flow\">\n<p>za\u015bwiadczenie od kap\u0142ana o udzieleniu sakrament\u00f3w (pokuty, namaszczenia chorych, Komunii \u015awi\u0119tej)<\/p>\n<\/blockquote>\n<\/div><\/div>\n<\/div><\/div>\n\n\n\n<div class=\"wp-block-group is-vertical is-layout-flex wp-container-core-group-is-layout-8cf370e7 wp-block-group-is-layout-flex\">\n<div class=\"wp-block-group is-vertical is-layout-flex wp-container-core-group-is-layout-8cf370e7 wp-block-group-is-layout-flex\"><\/div>\n<\/div>\n<\/div>\n\n\n\n<p><\/p>\n","protected":false},"excerpt":{"rendered":"<p>Przed wizyt\u0105 w kancelarii nale\u017cy przygotowa\u0107: Akt zgonu wydany przez Urz\u0105d Stanu Cywilnego (dokument ten jest konieczny do zarejestrowania zgonu w ksi\u0119gach parafialnych) Dokumenty uzupe\u0142niaj\u0105ce (o ile osoba zg\u0142aszaj\u0105ca pogrzeb jest w ich posiadaniu): informacje o przyczynie zgonu obrazki potwierdzaj\u0105ce udzielanie sakrament\u00f3w za\u015bwiadczenie od kap\u0142ana o udzieleniu sakrament\u00f3w (pokuty, namaszczenia<span class=\"more-link\"><a href=\"https:\/\/parafia.faustyna.bialystok.pl\/?page_id=1732\">Czytaj dalej<\/a><\/span><\/p>\n","protected":false},"author":3,"featured_media":0,"parent":0,"menu_order":0,"comment_status":"closed","ping_status":"closed","template":"","meta":{"footnotes":""},"class_list":["entry","author-xjerzy","post-1732","page","type-page","status-publish"],"_links":{"self":[{"href":"https:\/\/parafia.faustyna.bialystok.pl\/index.php?rest_route=\/wp\/v2\/pages\/1732","targetHints":{"allow":["GET"]}}],"collection":[{"href":"https:\/\/parafia.faustyna.bialystok.pl\/index.php?rest_route=\/wp\/v2\/pages"}],"about":[{"href":"https:\/\/parafia.faustyna.bialystok.pl\/index.php?rest_route=\/wp\/v2\/types\/page"}],"author":[{"embeddable":true,"href":"https:\/\/parafia.faustyna.bialystok.pl\/index.php?rest_route=\/wp\/v2\/users\/3"}],"replies":[{"embeddable":true,"href":"https:\/\/parafia.faustyna.bialystok.pl\/index.php?rest_route=%2Fwp%2Fv2%2Fcomments&post=1732"}],"version-history":[{"count":44,"href":"https:\/\/parafia.faustyna.bialystok.pl\/index.php?rest_route=\/wp\/v2\/pages\/1732\/revisions"}],"predecessor-version":[{"id":2660,"href":"https:\/\/parafia.faustyna.bialystok.pl\/index.php?rest_route=\/wp\/v2\/pages\/1732\/revisions\/2660"}],"wp:attachment":[{"href":"https:\/\/parafia.faustyna.bialystok.pl\/index.php?rest_route=%2Fwp%2Fv2%2Fmedia&parent=1732"}],"curies":[{"name":"wp","href":"https:\/\/api.w.org\/{rel}","templated":true}]}}