{"id":1765,"date":"2024-08-27T14:21:41","date_gmt":"2024-08-27T13:21:41","guid":{"rendered":"https:\/\/parafia.faustyna.bialystok.pl\/?page_id=1765"},"modified":"2024-08-27T14:24:27","modified_gmt":"2024-08-27T13:24:27","slug":"zasady-bezpiecznych-relacji-pomiedzy-dziecmi","status":"publish","type":"page","link":"https:\/\/parafia.faustyna.bialystok.pl\/?page_id=1765","title":{"rendered":"Zasady bezpiecznych relacji pomi\u0119dzy dzie\u0107mi"},"content":{"rendered":"<p align=\"right\"><span style=\"font-family: Cambria, serif;\">ZA\u0141\u0104CZNIK 5<\/span><\/p>\n<p align=\"center\"><span style=\"font-family: Cambria, serif;\">ZASADY BEZPIECZNYCH RELACJI POMI\u0118DZY DZIE\u0106MI<\/span><\/p>\n<p align=\"justify\"><span style=\"font-family: Cambria, serif;\"> <b>Parafia <\/b><b>Rzymskokatolicka pw. \u015awi\u0119tej Faustyny Kowalskiej w Bia\u0142ymstoku<\/b> jest miejscem zapewniaj\u0105cym bezpiecze\u0144stwo dzieciom tak\u017ce w grupie r\u00f3wie\u015bniczej. Kieruj\u0105c si\u0119 warto\u015bciami wyp\u0142ywaj\u0105cymi z Ewangelii, staramy si\u0119 wpoi\u0107 naszym parafianom postaw\u0119 szacunku wobec ka\u017cdego cz\u0142owieka &#8211; dzieci i doros\u0142ych. Pragniemy, by w relacjach mi\u0119dzyludzkich bliska by\u0142a im ewangeliczna zasada: \u201eWszystko wi\u0119c, co chcieliby\u015bcie, \u017ceby wam ludzie czynili, i wy im czy\u0144cie\u201d (Mt 7,12a).<\/span><\/p>\n<p align=\"justify\"><span style=\"font-family: Cambria, serif;\"> Zasady bezpiecznych relacji mi\u0119dzy dzie\u0107mi poznali wszyscy pracownicy i wsp\u00f3\u0142pracownicy parafii, dzi\u0119ki czemu mog\u0105 oni umiej\u0119tnie i adekwatnie do zaistnia\u0142ej sytuacji reagowa\u0107 na ka\u017cde niew\u0142a\u015bciwe zachowanie czy przemoc. R\u00f3wnie\u017c dzieci powinny przestrzega\u0107 poni\u017cszego kodeksu podczas spotka\u0144 w parafii i poza ni\u0105, w kontakcie bezpo\u015brednim i wirtualnym.<\/span><\/p>\n<p align=\"justify\"><span style=\"font-family: Cambria, serif;\"> Kodeks zachowa\u0144 zosta\u0142 opracowany z udzia\u0142em dzieci. Ewaluacja i weryfikacja zasad bezpiecznych relacji pomi\u0119dzy dzie\u0107mi odbywa\u0107 si\u0119 b\u0119dzie co dwa lata, a tak\u017ce po ka\u017cdej sytuacji kryzysowej, je\u015bli w parafii podj\u0119ta zostanie interwencja z powodu krzywdzenia r\u00f3wie\u015bniczego. Zmiana tre\u015bci zasad bezpiecznych relacji mi\u0119dzy dzie\u0107mi jest mo\u017cliwa w ka\u017cdym momencie na ich wniosek i z ich udzia\u0142em.<\/span><\/p>\n<p align=\"justify\"><span style=\"font-family: Cambria, serif;\"><b>1. R\u00f3wne traktowanie i szacunek dla ka\u017cdej osoby<\/b><\/span><\/p>\n<ul>\n<li>\n<p align=\"justify\"><span style=\"font-family: Cambria, serif;\">Traktuj innych tak, jak chcesz, aby inni traktowali Ciebie.<\/span><\/p>\n<\/li>\n<li>\n<p align=\"justify\"><span style=\"font-family: Cambria, serif;\">Pami\u0119taj, \u017ce ka\u017cda osoba jest kim\u015b wyj\u0105tkowym i szczeg\u00f3lnie obdarowanym przez Boga. Nale\u017c\u0105 si\u0119 jej szacunek i troska o jej dobro.<\/span><\/p>\n<\/li>\n<li>\n<p align=\"justify\"><span style=\"font-family: Cambria, serif;\">B\u0105d\u017a tolerancyjny &#8211; szanuj odmienny wygl\u0105d, przekonania, pogl\u0105dy i cechy kole\u017canek\/koleg\u00f3w.<\/span><\/p>\n<\/li>\n<li>\n<p align=\"justify\"><span style=\"font-family: Cambria, serif;\">Pami\u0119taj, \u017ce przez r\u00f3\u017cnorodno\u015b\u0107 wzajemnie si\u0119 ubogacamy.<\/span><\/p>\n<\/li>\n<li>\n<p align=\"justify\"><span style=\"font-family: Cambria, serif;\">Masz prawo do zabawy i relacji z ka\u017cdym dzieckiem, ale pami\u0119taj, \u017ce nie zawsze inne dziecko ma ch\u0119\u0107 do kontaktu z Tob\u0105 w danym momencie. Uszanuj to.<\/span><\/p>\n<\/li>\n<li>\n<p align=\"justify\"><span style=\"font-family: Cambria, serif;\">Zachowaj otwarto\u015b\u0107 i b\u0105d\u017a wra\u017cliwy na wszystkie osoby, nawet je\u015bli nie nale\u017c\u0105 do grona Twoich najbli\u017cszych przyjaci\u00f3\u0142. Nie wykluczaj ich ze wsp\u00f3lnych dzia\u0142a\u0144, rozm\u00f3w i szkolnych aktywno\u015bci.<\/span><\/p>\n<\/li>\n<\/ul>\n<p align=\"justify\"><span style=\"font-family: Cambria, serif;\"><b>2. Zasady komunikacji mi\u0119dzy dzie\u0107mi<\/b><\/span><\/p>\n<ul>\n<li>\n<p align=\"justify\"><span style=\"font-family: Cambria, serif;\">Zachowuj \u017cyczliwo\u015b\u0107 i szacunek wobec kole\u017canek\/koleg\u00f3w.<\/span><\/p>\n<\/li>\n<li>\n<p align=\"justify\"><span style=\"font-family: Cambria, serif;\">Pami\u0119taj, \u017ce ka\u017cdy ma prawo do wyra\u017cania swojego zdania, my\u015bli i przekona\u0144, o ile nie naruszaj\u0105 one dobra innych os\u00f3b.<\/span><\/p>\n<\/li>\n<li>\n<p align=\"justify\"><span style=\"font-family: Cambria, serif;\">S\u0142uchaj innych, gdy m\u00f3wi\u0105. Nie przerywaj innym, gdy si\u0119 wypowiadaj\u0105.<\/span><\/p>\n<\/li>\n<li>\n<p align=\"justify\"><span style=\"font-family: Cambria, serif;\">Zachowuj kultur\u0119 s\u0142owa w ka\u017cdej sytuacji.<\/span><\/p>\n<\/li>\n<li>\n<p align=\"justify\"><span style=\"font-family: Cambria, serif;\">Stosuj formy grzeczno\u015bciowe.<\/span><\/p>\n<\/li>\n<li>\n<p align=\"justify\"><span style=\"font-family: Cambria, serif;\">Pytaj o zgod\u0119 na kontakt fizyczny (przytulenie, pog\u0142askanie).<\/span><\/p>\n<\/li>\n<\/ul>\n<p align=\"justify\"><span style=\"font-family: Cambria, serif;\"><b>3. Szacunek dla cudzej w\u0142asno\u015bci, prywatno\u015bci i przestrzeni<\/b><\/span><\/p>\n<ul>\n<li>\n<p align=\"justify\"><span style=\"font-family: Cambria, serif;\">Szanuj rzeczy osobiste i mienie innych os\u00f3b.<\/span><\/p>\n<\/li>\n<li>\n<p align=\"justify\"><span style=\"font-family: Cambria, serif;\">Zapytaj, je\u015bli chcesz po\u017cyczy\u0107 od kogo\u015b jak\u0105\u015b rzecz.<\/span><\/p>\n<\/li>\n<li>\n<p align=\"justify\"><span style=\"font-family: Cambria, serif;\">Nie przegl\u0105daj prywatnych rzeczy innych os\u00f3b bez ich zgody. Ka\u017cdy ma prawo do prywatno\u015bci.<\/span><\/p>\n<\/li>\n<li>\n<p align=\"justify\"><span style=\"font-family: Cambria, serif;\">Nie r\u00f3b zdj\u0119\u0107, nie nagrywaj ani nie rozpowszechniaj wizerunku koleg\u00f3w\/kole\u017canek i\u00a0innych os\u00f3b bez ich wyra\u017anej zgody.<\/span><\/p>\n<\/li>\n<li>\n<p align=\"justify\"><span style=\"font-family: Cambria, serif;\">Pami\u0119taj, \u017ce ka\u017cdy ma prawo do przestrzeni osobistej. Je\u015bli inna osoba potrzebuje chwili samotno\u015bci, uszanuj to. Naruszanie tej przestrzeni mo\u017ce rodzi\u0107 konflikty.<\/span><\/p>\n<\/li>\n<\/ul>\n<p align=\"justify\"><span style=\"font-family: Cambria, serif;\"><b>4. Zakaz stosowania przemocy w jakiejkolwiek formie<\/b><\/span><\/p>\n<ul>\n<li>\n<p align=\"justify\"><span style=\"font-family: Cambria, serif;\">Nie stwarzaj sytuacji, w kt\u00f3rych kto\u015b czu\u0142by si\u0119 celowo pomijany, izolowany.<\/span><\/p>\n<\/li>\n<li>\n<p align=\"justify\"><span style=\"font-family: Cambria, serif;\">Nie stosuj przemocy fizycznej. Szturchanie, popychanie, kopanie czy si\u0142owe przytrzymywanie kolegi\/kole\u017canki naruszaj\u0105 jego\/jej integralno\u015b\u0107 fizyczn\u0105.<\/span><\/p>\n<\/li>\n<li>\n<p align=\"justify\"><span style=\"font-family: Cambria, serif;\">Szanuj przestrze\u0144 intymn\u0105 koleg\u00f3w\/kole\u017canek. Nigdy nie dotykaj ich w spos\u00f3b, kt\u00f3ry mo\u017ce by\u0107 uznany za nieprzyzwoity lub niestosowny.<\/span><\/p>\n<\/li>\n<li>\n<p align=\"justify\"><span style=\"font-family: Cambria, serif;\">Nie wy\u015bmiewaj, nie obgaduj, nie o\u015bmieszaj, nie zawstydzaj, nie upokarzaj, nie lekcewa\u017c i nie obra\u017caj koleg\u00f3w\/kole\u017canek.<\/span><\/p>\n<\/li>\n<li>\n<p align=\"justify\"><span style=\"font-family: Cambria, serif;\">Nie wypowiadaj si\u0119 w spos\u00f3b obra\u017aliwy o rodzicach koleg\u00f3w\/kole\u017canek.<\/span><\/p>\n<\/li>\n<li>\n<p align=\"justify\"><span style=\"font-family: Cambria, serif;\">Nie zwracaj si\u0119 w spos\u00f3b wulgarny do innych.<\/span><\/p>\n<\/li>\n<li>\n<p align=\"justify\"><span style=\"font-family: Cambria, serif;\">Pami\u0119taj, \u017ce \u017carty s\u0105 wtedy \u017cartami, kiedy nikt z ich powodu nie cierpi. Je\u015bli tak jest, natychmiast zako\u0144cz tak\u0105 zabaw\u0119 s\u0142own\u0105.<\/span><\/p>\n<\/li>\n<li>\n<p align=\"justify\"><span style=\"font-family: Cambria, serif;\">Nie nara\u017caj siebie i innych uczni\u00f3w na sytuacje zagra\u017caj\u0105ce \u017cyciu i zdrowiu fizycznemu czy psychicznemu.<\/span><\/p>\n<\/li>\n<li>\n<p align=\"justify\"><span style=\"font-family: Cambria, serif;\">Nie wyra\u017caj negatywnych, prze\u015bmiewczych komentarzy na temat zachowania, pracy, wygl\u0105du koleg\u00f3w\/kole\u017canek.<\/span><\/p>\n<\/li>\n<li>\n<p align=\"justify\"><span style=\"font-family: Cambria, serif;\">Nie zabieraj rzeczy nale\u017c\u0105cych do innych bez ich zgody.<\/span><\/p>\n<\/li>\n<\/ul>\n<p align=\"justify\"><span style=\"font-family: Cambria, serif;\"><b>5. Szacunek w kontaktach internetowych i zakaz cyberprzemocy<\/b><\/span><\/p>\n<ul>\n<li>\n<p align=\"justify\"><span style=\"font-family: Cambria, serif;\">Szanuj innych i traktuj ich tak, jak chcesz, by traktowali Ciebie &#8211; dotyczy to wszystkich typ\u00f3w Twojej aktywno\u015bci w sieci. Po drugiej stronie ekranu jest drugi cz\u0142owiek.<\/span><\/p>\n<\/li>\n<li>\n<p align=\"justify\"><span style=\"font-family: Cambria, serif;\">Pami\u0119taj, \u017ce cyberprzemoc cz\u0119sto zaczyna si\u0119 od tzw. \u201eniewinnych \u017cart\u00f3w\u201d. Nie ka\u017cdy ma takie samo poczucie humoru. Uwa\u017caj na to, co piszesz i co publikujesz, w Internecie nic nie ginie. W \u015bwiecie wirtualnym \u0142atwo poruszy\u0107 lawin\u0119 wzajemnych niech\u0119ci, co mo\u017ce doprowadzi\u0107 do konkretnej formy przemocy.<\/span><\/p>\n<\/li>\n<li>\n<p align=\"justify\"><span style=\"font-family: Cambria, serif;\">Nie udost\u0119pniaj kontakt\u00f3w do innych os\u00f3b (telefonicznych, mailowych) bez ich zgody.<\/span><\/p>\n<\/li>\n<li>\n<p align=\"justify\"><span style=\"font-family: Cambria, serif;\">Dbaj o sw\u00f3j oraz innych wizerunek w sieci &#8211; nie publikuj wra\u017cliwych danych, powierzonych ci informacji oraz zdj\u0119\u0107 i film\u00f3w o\u015bmieszaj\u0105cych innych. Szanuj ich prywatno\u015b\u0107.<\/span><\/p>\n<\/li>\n<li>\n<p align=\"justify\"><span style=\"font-family: Cambria, serif;\">Chro\u0144 intymno\u015b\u0107 swoj\u0105 i innych. Nie wysy\u0142aj i nie udost\u0119pniaj zdj\u0119\u0107 lub film\u00f3w, kt\u00f3re by j\u0105 narusza\u0142y.<\/span><\/p>\n<\/li>\n<li>\n<p align=\"justify\"><span style=\"font-family: Cambria, serif;\">Sprzeciwiaj si\u0119 hejtowi, sam nie publikuj obra\u017caj\u0105cych i agresywnych komentarzy oraz reaguj, gdy zauwa\u017cysz, \u017ce kto\u015b jest poni\u017cany w Internecie. Nie przesy\u0142aj dalej o\u015bmieszaj\u0105cych wiadomo\u015bci. Zg\u0142o\u015b takie dzia\u0142ania odpowiednim osobom.<\/span><\/p>\n<\/li>\n<li>\n<p align=\"justify\"><span style=\"font-family: Cambria, serif;\">Nie prowokuj innych do niepotrzebnych, nieuzasadnionych k\u0142\u00f3tni. Trolling, \u015bwiadome poni\u017canie, n\u0119kanie i zaczepki s\u0105 zachowaniami niedopuszczalnymi.<\/span><\/p>\n<\/li>\n<li>\n<p align=\"justify\"><span style=\"font-family: Cambria, serif;\">Nie wykluczaj swoich r\u00f3wie\u015bnik\u00f3w z grup w mediach spo\u0142eczno\u015bciowych z powodu swoich prywatnych niech\u0119ci.<\/span><\/p>\n<\/li>\n<li>\n<p align=\"justify\"><span style=\"font-family: Cambria, serif;\">Nie podszywaj si\u0119 w Internecie pod inne osoby. Takie zachowanie w cyberprzestrzeni jest kradzie\u017c\u0105 to\u017csamo\u015bci. To jest przest\u0119pstwo.<\/span><\/p>\n<\/li>\n<li>\n<p align=\"justify\"><span style=\"font-family: Cambria, serif;\">Je\u017celi zauwa\u017cysz, \u017ce kto\u015b nie wylogowa\u0142 si\u0119 ze swojego konta, nie wykorzystuj tej sytuacji do dzia\u0142a\u0144, kt\u00f3re przynios\u0142yby mu szkod\u0119, ale \u017cyczliwie poinformuj go o jego nieuwadze.<\/span><\/p>\n<\/li>\n<li>\n<p align=\"justify\"><span style=\"font-family: Cambria, serif;\">Pami\u0119taj, \u017ce gro\u017aby, pom\u00f3wienia, nawo\u0142ywanie do nienawi\u015bci, prze\u015bladowanie, o\u015bmieszanie w cyberprzestrzeni tak\u017ce s\u0105 karalne. Twoje dzia\u0142ania w sieci nie s\u0105 anonimowe.<\/span><\/p>\n<\/li>\n<\/ul>\n<p align=\"justify\"><span style=\"font-family: Cambria, serif;\"><b>6. Sposoby pokojowego rozwi\u0105zywania konflikt\u00f3w<\/b><\/span><\/p>\n<ul>\n<li>\n<p align=\"justify\"><span style=\"font-family: Cambria, serif;\">Wycisz si\u0119, uspok\u00f3j, zatrzymaj niepotrzebn\u0105 k\u0142\u00f3tni\u0119, zanim stracisz nad sob\u0105 kontrol\u0119. Zastan\u00f3w si\u0119, co chcesz osi\u0105gn\u0105\u0107. Je\u015bli to mo\u017cliwe, podejmij spokojn\u0105 rozmow\u0119 z drug\u0105 stron\u0105.<\/span><\/p>\n<\/li>\n<li>\n<p align=\"justify\"><span style=\"font-family: Cambria, serif;\">Um\u00f3w si\u0119 na rozmow\u0119 w bardziej stosownych warunkach, w ten spos\u00f3b zyskasz czas na konstruktywny dialog.<\/span><\/p>\n<\/li>\n<li>\n<p align=\"justify\"><span style=\"font-family: Cambria, serif;\">Powiedz, co wed\u0142ug Ciebie jest problemem, co przyczyn\u0105 nieporozumienia, czego oczekujesz.<\/span><\/p>\n<\/li>\n<li>\n<p align=\"justify\"><span style=\"font-family: Cambria, serif;\">S\u0142uchaj drugiej osoby. Dopytaj o jej odczucia i oczekiwania. Podsumuj to, co us\u0142ysza\u0142a\u015b\/us\u0142ysza\u0142e\u015b dla upewnienia si\u0119, czy dobrze zrozumia\u0142e\u015b\/zrozumia\u0142a\u015b jej komunikat.<\/span><\/p>\n<\/li>\n<li>\n<p align=\"justify\"><span style=\"font-family: Cambria, serif;\">Upewnij si\u0119, \u017ce Tw\u00f3j rozm\u00f3wca powiedzia\u0142 wszystko odno\u015bnie do swoich odczu\u0107.<\/span><\/p>\n<\/li>\n<li>\n<p align=\"justify\"><span style=\"font-family: Cambria, serif;\">Wsp\u00f3lnie wymy\u015blcie rozwi\u0105zanie satysfakcjonuj\u0105ce obie strony.<\/span><\/p>\n<\/li>\n<li>\n<p align=\"justify\"><span style=\"font-family: Cambria, serif;\">Je\u015bli nie uda si\u0119 Wam doj\u015b\u0107 do porozumienia, popro\u015b o pomoc osob\u0119 doros\u0142\u0105, aktualnego opiekuna grupy. Porozmawiaj o tym z Twoimi rodzicami. Nie rozwi\u0105zuj konfliktu samodzielnie.<\/span><\/p>\n<\/li>\n<li>\n<p align=\"justify\"><span style=\"font-family: Cambria, serif;\">Nie b\u0105d\u017a oboj\u0119tny, gdy komu\u015b dzieje si\u0119 krzywda. Zawsze poinformuj o tym osob\u0119 doros\u0142\u0105.<\/span><\/p>\n<\/li>\n<\/ul>\n","protected":false},"excerpt":{"rendered":"<p>ZA\u0141\u0104CZNIK 5 ZASADY BEZPIECZNYCH RELACJI POMI\u0118DZY DZIE\u0106MI Parafia Rzymskokatolicka pw. \u015awi\u0119tej Faustyny Kowalskiej w Bia\u0142ymstoku jest miejscem zapewniaj\u0105cym bezpiecze\u0144stwo dzieciom tak\u017ce w grupie r\u00f3wie\u015bniczej. Kieruj\u0105c si\u0119 warto\u015bciami wyp\u0142ywaj\u0105cymi z Ewangelii, staramy si\u0119 wpoi\u0107 naszym parafianom postaw\u0119 szacunku wobec ka\u017cdego cz\u0142owieka &#8211; dzieci i doros\u0142ych. Pragniemy, by w relacjach mi\u0119dzyludzkich bliska<span class=\"more-link\"><a href=\"https:\/\/parafia.faustyna.bialystok.pl\/?page_id=1765\">Czytaj dalej<\/a><\/span><\/p>\n","protected":false},"author":3,"featured_media":0,"parent":0,"menu_order":0,"comment_status":"closed","ping_status":"closed","template":"","meta":{"footnotes":""},"class_list":["entry","author-xjerzy","post-1765","page","type-page","status-publish"],"_links":{"self":[{"href":"https:\/\/parafia.faustyna.bialystok.pl\/index.php?rest_route=\/wp\/v2\/pages\/1765","targetHints":{"allow":["GET"]}}],"collection":[{"href":"https:\/\/parafia.faustyna.bialystok.pl\/index.php?rest_route=\/wp\/v2\/pages"}],"about":[{"href":"https:\/\/parafia.faustyna.bialystok.pl\/index.php?rest_route=\/wp\/v2\/types\/page"}],"author":[{"embeddable":true,"href":"https:\/\/parafia.faustyna.bialystok.pl\/index.php?rest_route=\/wp\/v2\/users\/3"}],"replies":[{"embeddable":true,"href":"https:\/\/parafia.faustyna.bialystok.pl\/index.php?rest_route=%2Fwp%2Fv2%2Fcomments&post=1765"}],"version-history":[{"count":2,"href":"https:\/\/parafia.faustyna.bialystok.pl\/index.php?rest_route=\/wp\/v2\/pages\/1765\/revisions"}],"predecessor-version":[{"id":1771,"href":"https:\/\/parafia.faustyna.bialystok.pl\/index.php?rest_route=\/wp\/v2\/pages\/1765\/revisions\/1771"}],"wp:attachment":[{"href":"https:\/\/parafia.faustyna.bialystok.pl\/index.php?rest_route=%2Fwp%2Fv2%2Fmedia&parent=1765"}],"curies":[{"name":"wp","href":"https:\/\/api.w.org\/{rel}","templated":true}]}}