{"id":38,"date":"2021-12-28T08:35:48","date_gmt":"2021-12-28T08:35:48","guid":{"rendered":"https:\/\/parafia.faustyna.bialystok.pl\/?page_id=38"},"modified":"2021-12-30T09:33:29","modified_gmt":"2021-12-30T08:33:29","slug":"sakramenty","status":"publish","type":"page","link":"https:\/\/parafia.faustyna.bialystok.pl\/?page_id=38","title":{"rendered":"Sakramenty"},"content":{"rendered":"\n<style id=\"sp_tab_dynamic_style44\">#sp-tabpro-wrapper_44.sp-tab__lay-default .sp-tab__tab-content {width: 100%;}#sp-tabpro-wrapper_44 .animated {-webkit-animation-duration: 500ms;animation-duration: 500ms;}#sp-wp-tabs-wrapper_44 .sp-tab__nav { justify-content: flex-start; }#sp-wp-tabs-wrapper_44.sp-tab__lay-default.sp-tab__horizontal-bottom {display: flex;flex-direction: column-reverse;}#sp-wp-tabs-wrapper_44.sp-tab__lay-default.sp-tab__horizontal-bottom > ul {border-top: 1px solid #cccccc;border-bottom: 0;margin-top: 0;}#sp-wp-tabs-wrapper_44.sp-tab__lay-default.sp-tab__horizontal-bottom > ul > li .sp-tab__nav-link.sp-tab__active {border-color: transparent #cccccc#cccccc;margin-top: -1px;}#sp-wp-tabs-wrapper_44.sp-tab__lay-default.sp-tab__horizontal-bottom > ul > li .sp-tab__nav-link,#sp-wp-tabs-wrapper_44.sp-tab__lay-default.sp-tab__horizontal-bottom > ul > li a,#sp-wp-tabs-wrapper_44.sp-tab__lay-default.sp-tab__horizontal-bottom > ul > .sp-tab__nav-item {border-top: 0;border-top-left-radius: 0;border-top-right-radius: 0;border-bottom-left-radius: 2px;border-bottom-right-radius: 2px;}#sp-wp-tabs-wrapper_44.sp-tab__lay-default.sp-tab__horizontal-bottom > ul {border-bottom: none;}#sp-wp-tabs-wrapper_44.sp-tab__lay-default.sp-tab__horizontal-bottom .sp-tab__tab-content .sp-tab__tab-pane {border-top: 1px solid #cccccc;border-bottom: 0;}#sp-wp-tabs-wrapper_44.sp-tab__lay-default .sp-tab__tab-content .sp-tab-content > ul,#sp-wp-tabs-wrapper_44.sp-tab__lay-default .sp-tab__tab-content .sp-tab-content > ol {border-bottom: none;}#sp-wp-tabs-wrapper_44 .sp-tab__nav-tabs .sp-tab__nav-item.show .sp-tab__nav-link,#sp-wp-tabs-wrapper_44.sp-tab__lay-default ul li .sp-tab__nav-link.sp-tab__active {border-color: #cccccc#cccccc transparent;}#sp-wp-tabs-wrapper_44 > .sp-tab__nav-tabs .sp-tab__nav-link.sp-tab__active .sp-tab__tab_title,#sp-wp-tabs-wrapper_44.sp-tab__lay-default .sp-tab__nav-link > .sp-tab__card-header {color: #444;}#sp-wp-tabs-wrapper_44.sp-tab__lay-default > ul > li > .sp-tab__nav-link,#sp-wp-tabs-wrapper_44.sp-tab__lay-default > ul > li > a {cursor: pointer;border-color: #cccccc;padding-top: 15px;padding-right: 15px;padding-bottom: 15px;padding-left: 15px;}#sp-wp-tabs-wrapper_44 > .sp-tab__nav-tabs .sp-tab__nav-link {border: 1px solid #cccccc;height: 100%;}#sp-wp-tabs-wrapper_44.sp-tab__lay-default > ul > li .sp-tab__nav-link,#sp-wp-tabs-wrapper_44.sp-tab__lay-default > ul > li a,#sp-wp-tabs-wrapper_44.sp-tab__lay-default > ul > .sp-tab__nav-item {border-top-left-radius: 2px;border-top-right-radius: 2px;}#sp-wp-tabs-wrapper_44 .sp-tab__nav-tabs .sp-tab__nav-item {margin-bottom: -1px; }#sp-wp-tabs-wrapper_44.sp-tab__lay-default > ul .sp-tab__nav-item {margin-right: 10px;}#sp-wp-tabs-wrapper_44.sp-tab__lay-default.sp-tab__horizontal-bottom > ul .sp-tab__nav-item {margin-right: 10px;margin-top: 0;}#sp-wp-tabs-wrapper_44.sp-tab__lay-default > ul .sp-tab__nav-item .sp-tab__nav-link:hover .sp-tab__tab_title,#sp-wp-tabs-wrapper_44.sp-tab__lay-default > ul .sp-tab__nav-item a:hover .sp-tab__tab_title,#sp-wp-tabs-wrapper_44.sp-tab__lay-default .sp-tab__nav-link.collapsed .sp-tab__card-header:hover {color: #444;transition: .3s;}#sp-wp-tabs-wrapper_44.sp-tab__lay-default > ul .sp-tab__nav-item,#sp-wp-tabs-wrapper_44.sp-tab__lay-default .sp-tab__nav-link.collapsed > .sp-tab__card-header {background-color: #eee;transition: 0.3s;}#sp-wp-tabs-wrapper_44 > .sp-tab__nav-tabs > .sp-tab__nav-item.show .sp-tab__nav-link,#sp-wp-tabs-wrapper_44 > .sp-tab__nav-tabs > .sp-tab__nav-item .sp-tab__nav-link.sp-tab__active,#sp-wp-tabs-wrapper_44.sp-tab__lay-default .sp-tab__nav-link > .sp-tab__card-header {background-color: #fff;}#sp-tabs-wrapper_44.sp-tab__lay-default > ul .sp-tab__nav-item .sp-tab__nav-link:not(.sp-tab__active):hover,#sp-tabs-wrapper_44.sp-tab__lay-default .sp-tab__tab-content > .sp-tab__tab-pane .sp-tab__card-header:hover {background-color: #fff;}#sp-wp-tabs-wrapper_44.sp-tab__lay-default > ul .sp-tab__nav-item:not(.sp-tab__active):hover,#sp-wp-tabs-wrapper_44.sp-tab__lay-default .sp-tab__nav-link.collapsed > .sp-tab__card-header:hover {background-color: #fff;}#sp-wp-tabs-wrapper_44.sp-tab__lay-default > ul .sp-tab__nav-item:last-child {margin-right: 0;}#sp-wp-tabs-wrapper_44.sp-tab__lay-default > .sp-tab__tab-content .sp-tab__tab-pane {border: 1px solid #cccccc;padding-top: 20px;padding-right: 20px;padding-bottom: 20px;padding-left: 20px;background-color: #ffffff;}#sp-wp-tabs-wrapper_44.sp-tab__lay-default > ul {border-bottom: 1px solid #cccccc;}#sp-wp-tabs-wrapper_44.sp-tab__lay-default > .sp-tab__tab-content .sp-tab__tab-pane {border-top: 0px;}@media(max-width:480px) {#sp-wp-tabs-wrapper_44.sp-tab__lay-default > ul li.sp-tab__nav-item {width: 100%;margin-right: 0px;}#sp-wp-tabs-wrapper_44.sp-tab__lay-default > ul li.sp-tab__nav-item:last-child {margin-bottom: -1px;}}#sp-wp-tabs-wrapper_44.sp-tab__lay-default > ul .sp-tab__nav-item .sp-tab__tab_title,#sp-wp-tabs-wrapper_44.sp-tab__lay-default span > .sp-tab__card-header {font-weight: 600;font-style: normal;font-size: 16px;line-height: 22px;letter-spacing: 0px;color: #444;margin: 0px;font-family: Open Sans;font-style: normal;font-weight: 600;}#sp-wp-tabs-wrapper_44.sp-tab__lay-default > .sp-tab__tab-content .sp-tab__tab-pane,#sp-wp-tabs-wrapper_44.sp-tab__lay-default > .sp-tab__tab-content .sp-tab__tab-pane p {font-weight: 400;font-style: normal;font-size: 16px;line-height: 24px;letter-spacing: 0px;color: #444;font-family: Open Sans;font-style: normal;font-weight: normal;}#sp-wp-tabs-wrapper_44.sp-tab__lay-default > .sp-tab__tab-content .sp-tab__tab-pane ul li a, #sp-wp-tabs-wrapper_44.sp-tab__lay-default .sp-tab__tab-content .sp-tab__tab-pane ol li a {color: #444;}<\/style>\t\t<div id=\"sp-wp-tabs-wrapper_44\" class=\"sp-tab__lay-default\" data-preloader=\"1\" data-activemode=\"tabs-activator-event-click\" data-anchor_linking=\"1\">\n\t\t\t<div class=\"sp-tab__preloader\">\n\t\t<div class=\"sp-tab__spinner\">\n\t\t\t<div class=\"rect1\"><\/div>\n\t\t\t<div class=\"rect2\"><\/div>\n\t\t\t<div class=\"rect3\"><\/div>\n\t\t\t<div class=\"rect4\"><\/div>\n\t\t\t<div class=\"rect5\"><\/div>\n\t\t<\/div>\n\t<\/div>\n\t<ul class=\"sp-tab__nav sp-tab__nav-tabs\" id=\"sp-tab__ul\" role=\"tablist\">\n\t\t\t\t<li class=\"sp-tab__nav-item\" role=\"presentation\">\n\t\t\t\t<span class=\"sp-tab__nav-link sp-tab__active\" data-sptoggle=\"tab\" for=\"#tab-441\" role=\"tab\" aria-controls=tab-441 aria-selected=true tabindex=0>\n\t\t\t\t\t<span class=\"tab_title_area\"><H4 class=\"sp-tab__tab_title\">Chrzest<\/H4><\/span>\n\t\t\t\t<\/span>\n\t\t\t<\/li>\n\t\t\t\t\t\t<li class=\"sp-tab__nav-item\" role=\"presentation\">\n\t\t\t\t<span class=\"sp-tab__nav-link\" data-sptoggle=\"tab\" for=\"#tab-442\" role=\"tab\" aria-controls=tab-442 aria-selected=true tabindex=0>\n\t\t\t\t\t<span class=\"tab_title_area\"><H4 class=\"sp-tab__tab_title\">Bierzmowanie<\/H4><\/span>\n\t\t\t\t<\/span>\n\t\t\t<\/li>\n\t\t\t\t\t\t<li class=\"sp-tab__nav-item\" role=\"presentation\">\n\t\t\t\t<span class=\"sp-tab__nav-link\" data-sptoggle=\"tab\" for=\"#tab-443\" role=\"tab\" aria-controls=tab-443 aria-selected=true tabindex=0>\n\t\t\t\t\t<span class=\"tab_title_area\"><H4 class=\"sp-tab__tab_title\">Eucharystia<\/H4><\/span>\n\t\t\t\t<\/span>\n\t\t\t<\/li>\n\t\t\t\t\t\t<li class=\"sp-tab__nav-item\" role=\"presentation\">\n\t\t\t\t<span class=\"sp-tab__nav-link\" data-sptoggle=\"tab\" for=\"#tab-444\" role=\"tab\" aria-controls=tab-444 aria-selected=true tabindex=0>\n\t\t\t\t\t<span class=\"tab_title_area\"><H4 class=\"sp-tab__tab_title\">Pokuta (spowied\u017a)<\/H4><\/span>\n\t\t\t\t<\/span>\n\t\t\t<\/li>\n\t\t\t\t\t\t<li class=\"sp-tab__nav-item\" role=\"presentation\">\n\t\t\t\t<span class=\"sp-tab__nav-link\" data-sptoggle=\"tab\" for=\"#tab-445\" role=\"tab\" aria-controls=tab-445 aria-selected=true tabindex=0>\n\t\t\t\t\t<span class=\"tab_title_area\"><H4 class=\"sp-tab__tab_title\">Namaszczenie chorych<\/H4><\/span>\n\t\t\t\t<\/span>\n\t\t\t<\/li>\n\t\t\t\t\t\t<li class=\"sp-tab__nav-item\" role=\"presentation\">\n\t\t\t\t<span class=\"sp-tab__nav-link\" data-sptoggle=\"tab\" for=\"#tab-446\" role=\"tab\" aria-controls=tab-446 aria-selected=true tabindex=0>\n\t\t\t\t\t<span class=\"tab_title_area\"><H4 class=\"sp-tab__tab_title\">Ma\u0142\u017ce\u0144stwo<\/H4><\/span>\n\t\t\t\t<\/span>\n\t\t\t<\/li>\n\t\t\t<\/ul>\n<div class=\"sp-tab__tab-content\">\n\t\t\t\t<div id=\"tab-441\" class=\"sp-tab__tab-pane sp-tab__show sp-tab__active\" role=\"tabpanel\">\n\t\t\t\t\t<div class=\"sp-tab-content animated fadeIn\"><ul>\n<li>akt urodzenia dziecka wydany przez Urz\u0105d Stanu Cywilnego<\/li>\n<li>dane o rodzicach chrzestnych (imiona, nazwiska i adresy zamieszkania, wiek, wyznanie)<\/li>\n<li>w dniu chrztu otrzymane przy zapisaniu chrztu za\u015bwiadczenia o odbytej spowiedzi rodzic\u00f3w i chrzestnych<\/li>\n<li>pozwolenie na chrzest poza w\u0142asn\u0105 parafi\u0105 (w przypadku zamieszkania poza terenem naszej parafii)<\/li>\n<\/ul>\n<\/div>\n\t\t\t\t<\/div>\n\t\t\t\t\t\t\t\t<div id=\"tab-442\" class=\"sp-tab__tab-pane \" role=\"tabpanel\">\n\t\t\t\t\t<div class=\"sp-tab-content animated fadeIn\"><blockquote><p><span style=\"color: #333333\"><strong>Bierzmowanie jest sakramentem wtajemniczenia chrze\u015bcija\u0144skiego<\/strong>, w kt\u00f3rym ochrzczeni otrzymuj\u0105 pe\u0142ni\u0119 Ducha \u015awi\u0119tego, tak jak Aposto\u0142owie otrzymali Go w dzie\u0144 Pi\u0119\u0107dziesi\u0105tnicy. Bierzmowanie jest wi\u0119c dope\u0142nieniem \u0142aski chrztu, daje jej wzrost i pog\u0142\u0119bienie, \u015bci\u015blej jednoczy z Chrystusem dzi\u0119ki Jego Duchowi, g\u0142\u0119biej zakorzenia w synostwie Bo\u017cym, pomna\u017ca dary Ducha \u015awi\u0119tego otrzymane we chrzcie, udoskonala wi\u0119\u017a z Ko\u015bcio\u0142em, udziela specjalnej mocy Ducha \u015awi\u0119tego do m\u0119\u017cnego wyznawania imienia Chrystusa oraz do szerzenia i obrony wiary s\u0142owem i czynem.<\/span><\/p>\n<p style=\"text-align: right\"><span style=\"color: #333333\">(por. KKK nr 1303)<\/span><\/p>\n<\/blockquote>\n<blockquote><p><span style=\"color: #333333\">Znam twoje czyny, \u017ce ani zimny, ani gor\u0105cy nie jeste\u015b. Oby\u015b by\u0142 zimny albo gor\u0105cy! A tak, skoro jeste\u015b letni i ani gor\u0105cy, ani zimny, chc\u0119 ci\u0119 wyrzuci\u0107 z mych ust. Ty bowiem m\u00f3wisz: \"Jestem bogaty\", i \"wzbogaci\u0142em si\u0119\", i niczego mi nie potrzeba\", a nie wiesz, \u017ce to ty jeste\u015b nieszcz\u0119sny i godzien lito\u015bci, i biedny i \u015blepy, i nagi. Radz\u0119 ci kupi\u0107 u mnie z\u0142ota w ogniu oczyszczonego, aby\u015b si\u0119 wzbogaci\u0142, i bia\u0142e szaty, aby\u015b si\u0119 obl\u00f3k\u0142, a nie ujawni\u0142a si\u0119 haniebna twa nago\u015b\u0107, i balsamu do namaszczenia twych oczu, by\u015b widzia\u0142. Ja wszystkich, kt\u00f3rych kocham, karc\u0119 i \u0107wicz\u0119. B\u0105d\u017a wi\u0119c gorliwy i nawr\u00f3\u0107 si\u0119!<\/span><\/p>\n<p style=\"text-align: right\"><span style=\"color: #333333\">Ap 3, 15-19<\/span><\/p>\n<\/blockquote>\n<p class=\"u-text u-text-body-color u-text-14\"><span style=\"color: #333333\"><strong>Niezb\u0119dne dokumenty:<\/strong><\/span><\/p>\n<ul class=\"u-text u-text-15\">\n<li><strong><span style=\"color: #333333\">za\u015bwiadczenie o chrzcie wydawane do I Komunii \u015awi\u0119tej i bierzmowania <\/span><\/strong><span style=\"color: #333333\">(nie dotyczy os\u00f3b ochrzczonych w parafii\u00a0 pw. \u015bw. Faustyny Kowalskiej w Bia\u0142ymstoku)\u00a0<\/span><\/li>\n<li><strong><span style=\"color: #333333\">za\u015bwiadczenie o uczestnictwie w katechezie szkolnej lub ostatnie \u015bwiadectwo katechizacji<\/span><\/strong><\/li>\n<li><span style=\"color: #333333\">w przypadku os\u00f3b starszych \u2013 \u015bwiadectwo uko\u0144czenia katechizacji szkolnej oraz <\/span><span style=\"color: #333333\">potwierdzenie uko\u0144czenia przygotowania do przyj\u0119cia sakramentu bierzmowania<\/span><\/li>\n<\/ul>\n<p><span style=\"color: #333333\">Parafia korzysta z<strong> Asystenta Bierzmowania<\/strong> na stronie internetowej <a href=\"https:\/\/bierzmoc.pl\"><strong>https:\/\/bierzmoc.pl<\/strong><\/a><\/span><\/p>\n<p class=\"u-text u-text-body-color u-text-16\"><span style=\"color: #333333\">Opiek\u0119 duszpastersk\u0105 nad grup\u0105 przygotowuj\u0105c\u0105 si\u0119 do bierzmowania sprawuje Ks. Jerzy Kolnier<\/span><\/p>\n<\/div>\n\t\t\t\t<\/div>\n\t\t\t\t\t\t\t\t<div id=\"tab-443\" class=\"sp-tab__tab-pane \" role=\"tabpanel\">\n\t\t\t\t\t<div class=\"sp-tab-content animated fadeIn\"><p><span style=\"color: #333333\"><b>Czym jest Sakrament Eucharystii?<\/b><\/span><br \/>\n<span style=\"color: #333333\">To sakrament \u017cywej, prawdziwej, substancjalnej i realnej obecno\u015bci Jezusa Chrystusa w Ko\u015bciele. Jezus chc\u0105c pozosta\u0107 z nami do ko\u0144ca \u015bwiata pozosta\u0142 z nami pod postaci\u0105 chleba i wina. Jest on \u201e\u017ar\u00f3d\u0142em i szczytem ca\u0142ego \u017cycia chrze\u015bcija\u0144skiego\u201d (KK 11). Dokonuje si\u0119 podczas niej uwielbienie i sk\u0142adanie dzi\u0119kczynienia Bogu (to w\u0142a\u015bnie oznacza po grecku okre\u015blenie eucharystia). To podczas niej dokonuje si\u0119 bezkrwawa ofiara Jezusa Chrystusa. Obok chrztu i bierzmowania stanowi jeden z trzech sakrament\u00f3w wtajemniczenia chrze\u015bcija\u0144skiego. Jan Pawe\u0142 II powiedzia\u0142, \u017ce \u201eKo\u015bci\u00f3\u0142 dzi\u0119ki Eucharystii \u017cyje\u201d, czemu po\u015bwi\u0119ci\u0142 swoj\u0105 ostatni\u0105 encyklik\u0119\u00a0<i>Ecclesia de Eucharistia<\/i>.<\/span><\/p>\n<blockquote><p><span style=\"color: #333333\"><i>\u201cW Eucharystii w spos\u00f3b rzeczywisty karmimy si\u0119 Jezusem, poniewa\u017c Jego boskie Serce wch\u0142ania nasze serce w taki spos\u00f3b, \u017ce czyni z niego jedno serce, zespolone z Jego sercem. Zatem Serce Jezusa uzdrowi nasze serce z trawi\u0105cych je chor\u00f3b (oboj\u0119tno\u015b\u0107, nieufno\u015b\u0107, z\u0142e sk\u0142onno\u015bci, chorobliwe pasje, pr\u00f3\u017cne uczucia, ludzkie ambicje\u2026), sprawi, \u017ce b\u0119dzie ono bi\u0142o tym samym rytmem, jakim bije Jego serce, dla chwa\u0142y Boga i pokoju ludzi.\u201d<\/i><\/span><\/p>\n<p class=\"u-align-right u-text u-text-body-color u-text-4\" style=\"text-align: right\"><span style=\"color: #333333\">B\u0141. JAKUB ALBERIONE<\/span><\/p>\n<\/blockquote>\n<p><span style=\"color: #333333\"><b>Kiedy nast\u0105pi\u0142o ustanowienie Eucharystii?<\/b><\/span><br \/>\n<span style=\"color: #333333\">Pan Jezus, \u015bwiadomy swojej m\u0119ki i \u015bmierci (por. J 13, 1) obmy\u0142 swoim uczniom nogi, da\u0142 im przykazanie mi\u0142o\u015bci i na dow\u00f3d tej mi\u0142o\u015bci ustanowi\u0142 j\u0105 jako pami\u0105tk\u0119 swojej m\u0119ki, \u015bmierci i zmartwychwstania, nakazuj\u0105c, aby czynili to \u201ena Jego pami\u0105tk\u0119\u201d. Opisuje to ustanowienie jedno z najstarszych \u015bwiadectw, 1 List \u015bw. Paw\u0142a Aposto\u0142a do Koryntian: \u201eJa bowiem otrzyma\u0142em od Pana to, co wam przekaza\u0142em, \u017ce Pan Jezus tej nocy, kiedy zosta\u0142 wydany, wzi\u0105\u0142 chleb i dzi\u0119ki uczyniwszy po\u0142ama\u0142 i rzek\u0142: \u00abTo jest Cia\u0142o moje za was [wydane]. Czy\u0144cie to na moj\u0105 pami\u0105tk\u0119\u00bb. Podobnie, sko\u0144czywszy wieczerz\u0119, wzi\u0105\u0142 kielich, m\u00f3wi\u0105c: \u00abTen kielich jest Nowym Przymierzem we Krwi mojej. Czy\u0144cie to, ile razy pi\u0107 b\u0119dziecie, na moj\u0105 pami\u0105tk\u0119\u00bb. Ilekro\u0107 bowiem spo\u017cywacie ten chleb albo pijecie kielich, \u015bmier\u0107 Pa\u0144sk\u0105 g\u0142osicie, a\u017c przyjdzie.\u201d (1 Kor 11, 23-26). W czasie ka\u017cdej Eucharystii wype\u0142niamy polecenie Pana, by sprawowa\u0107 t\u0119 pami\u0105tk\u0119, uwielbiamy Boga i ukazujemy w wymiarze widzialnym Ko\u015bci\u00f3\u0142 \u2013 pod przewodem pasterza, kt\u00f3rym jest kap\u0142an lub biskup (por. KKK 1356-1369).<\/span><\/p>\n<p><span style=\"color: #333333\"><b>Kto mo\u017ce przyst\u0119powa\u0107 do Komunii \u015bwi\u0119tej i jak nale\u017cy si\u0119 do tego przygotowa\u0107?<\/b><\/span><br \/>\n<span style=\"color: #333333\">Komuni\u0119 \u015bwi\u0119t\u0105 mo\u017ce przyj\u0105\u0107 ka\u017cdy, kto zosta\u0142 dopuszczony do niej w wieku szkolnym, kto pragnie j\u0105 przyj\u0105\u0107 z wiar\u0105 i mi\u0142o\u015bci\u0105. Wa\u017cne jest, by zawsze przyjmowa\u0107 Jezusa Eucharystycznego z czystym sercem (tj. bez grzechu ci\u0119\u017ckiego), w przeciwnym razie konieczne jest przyst\u0105pienie do sakramentu pokuty i pojednania. Je\u017celi kto\u015b przyjmie Komuni\u0119 \u015awi\u0119t\u0105 w stanie grzechu \u015bmiertelnego, pope\u0142nia bardzo ci\u0119\u017cki grzech \u2013 \u015bwi\u0119tokradztwo. Ponadto Ko\u015bci\u00f3\u0142 nakazuje przygotowanie duchowe \u2013 przez modlitw\u0119, oraz post od wszelkiego rodzaju pokarm\u00f3w przez godzin\u0119 do przyj\u0119cia Komunii \u015bwi\u0119tej. Osoby starsze, chore mog\u0105 ten post pomin\u0105\u0107. Lekarstwa i woda tego postu nie \u0142amie.<\/span><\/p>\n<p class=\"u-text u-text-body-color u-text-7\"><span style=\"color: #333333\"><strong>Niezb\u0119dne dokumenty:<\/strong><\/span><\/p>\n<ul>\n<li style=\"list-style-type: none\">\n<ul class=\"u-text u-text-8\">\n<li><span style=\"color: #333333\">metryka chrztu dziecka<\/span><\/li>\n<li><span style=\"color: #333333\">za\u015bwiadczenie o uko\u0144czeniu przygotowania do przyj\u0119cia Pierwszej Spowiedzi i Komunii \u015awi\u0119tej<\/span><\/li>\n<\/ul>\n<\/li>\n<\/ul>\n<p><span style=\"color: #333333\"><strong>Opieka duchowa: Ks. Proboszcz Mateusz Wasilewski<\/strong><\/span><\/p>\n<\/div>\n\t\t\t\t<\/div>\n\t\t\t\t\t\t\t\t<div id=\"tab-444\" class=\"sp-tab__tab-pane \" role=\"tabpanel\">\n\t\t\t\t\t<div class=\"sp-tab-content animated fadeIn\"><p>Spowied\u017a jest nie tylko miejscem przebaczenia, jakie otrzymujemy od Ojca, ale tak\u017ce sposobem na prowadzenie duszy i obiektywizacj\u0119 w\u0142asnego post\u0119powania. Dotyka nie tylko czyn\u00f3w, ale tak\u017ce my\u015bli, s\u0142\u00f3w i zaniecha\u0144.<\/p>\n<p class=\"u-text u-text-body-color u-text-20\"><strong>Jakie s\u0105 warunki?<\/strong><\/p>\n<ol class=\"u-text u-text-21\">\n<li>rachunek sumienia<\/li>\n<li>\u017cal za\u00a0grzechy<\/li>\n<li>mocne postanowienie poprawy<\/li>\n<li>szczera spowied\u017a<\/li>\n<li>zado\u015b\u0107uczynienie Panu Bogu i\u00a0bli\u017aniemu<\/li>\n<\/ol>\n<p class=\"u-text u-text-body-color u-text-22\"><strong>Kiedy?<\/strong><\/p>\n<p class=\"u-text u-text-body-color u-text-22\">Spowiadamy 15\u00a0min. przed ka\u017cd\u0105 Msz\u0105 \u015bw., oraz w\u00a0razie potrzeby po\u00a0Mszy \u015bw. na\u00a0wyra\u017an\u0105 pro\u015bb\u0119 penitenta<\/p>\n<\/div>\n\t\t\t\t<\/div>\n\t\t\t\t\t\t\t\t<div id=\"tab-445\" class=\"sp-tab__tab-pane \" role=\"tabpanel\">\n\t\t\t\t\t<div class=\"sp-tab-content animated fadeIn\"><p>Jest lekarstwem przynosz\u0105cym ulg\u0119 w\u00a0chorobie i\u00a0nadziej\u0119 w\u00a0obliczu \u015bmierci.<\/p>\n<p><b>Kiedy?<\/b><br \/>\nZwyczajowo udzielamy tego sakramentu podczas Dnia Chorego lub we\u00a0wspomnienie Matki Bo\u017cej z\u00a0Lourdes.<br \/>\nMo\u017cna poprosi\u0107 o sakrament namaszczenia chorych w zakrystii lub kancelarii parafialnej.<\/p>\n<p><b>Kto mo\u017ce przyj\u0105\u0107?<\/b><br \/>\nKa\u017cdy ochrzczony chory, zw\u0142aszcza w niebezpiecze\u0144stwie \u015bmierci, b\u0105d\u017a w przypadku wyra\u017anego pogorszenia si\u0119 stanu zdrowia.<\/p>\n<p><b>Jak przygotowa\u0107 pok\u00f3j chorego na przyj\u0119cie tego sakramentu?<\/b><\/p>\n<ul>\n<li>st\u00f3\u0142 nakrywamy bia\u0142ym obrusem<\/li>\n<li>ustawiamy zapalone \u015bwiece<\/li>\n<li>przygotowujemy naczynie (talerz, miska) z wod\u0105 \u015bwi\u0119con\u0105<\/li>\n<li>oraz kropid\u0142o<\/li>\n<\/ul>\n<p><b>Je\u015bli stan zdrowia na\u00a0to pozwala Sakrament Chorych poprzedzony jest spowiedzi\u0105.<br \/>\nPo udzieleniu tego sakramentu chory mo\u017ce przyj\u0105\u0107 Komuni\u0119 \u015awi\u0119t\u0105.<\/b><\/p>\n<\/div>\n\t\t\t\t<\/div>\n\t\t\t\t\t\t\t\t<div id=\"tab-446\" class=\"sp-tab__tab-pane \" role=\"tabpanel\">\n\t\t\t\t\t<div class=\"sp-tab-content animated fadeIn\"><h2 style=\"text-align: center\"><strong>Sakrament ma\u0142\u017ce\u0144stwa<\/strong><\/h2>\n<h2 style=\"text-align: center\"><img fetchpriority=\"high\" decoding=\"async\" class=\"size-medium wp-image-3237 alignleft\" src=\"https:\/\/parafia.faustyna.bialystok.pl\/wp-content\/uploads\/2026\/02\/malzenstwo-300x290.jpg\" alt=\"\" width=\"300\" height=\"290\" srcset=\"https:\/\/parafia.faustyna.bialystok.pl\/wp-content\/uploads\/2026\/02\/malzenstwo-300x290.jpg 300w, https:\/\/parafia.faustyna.bialystok.pl\/wp-content\/uploads\/2026\/02\/malzenstwo.jpg 334w\" sizes=\"(max-width: 300px) 100vw, 300px\" \/><\/h2>\n<p>Przygotowanie do sakramentu ma\u0142\u017ce\u0144stwa w naszej parafii odbywa si\u0119 wed\u0142ug zasad obowi\u0105zuj\u0105cych w Archidiecezji Bia\u0142ostockiej dlatego zach\u0119camy do zapoznania si\u0119 z informacjami zamieszczonymi na stronie <a href=\"http:\/\/rodzinabialystok.pl\/narzeczeni\">Duszpasterstwa Rodzin Archidiecezji Bia\u0142ostockiej.<\/a>\u00a0Co tam mo\u017cna znale\u017a\u0107?<\/p>\n<p>W zak\u0142adce \"Przygotowanie do ma\u0142\u017ce\u0144stwa\" znajdziemy <strong>kompendium wiedzy o sakramencie ma\u0142\u017ce\u0144stwa, etapach przygotowania i niezb\u0119dnych dokumentach<\/strong>.<\/p>\n<p>W zak\u0142adce \"Katechezy przedma\u0142\u017ce\u0144skie\" znajdziemy <strong>miejsca i czas prowadzenia nauk dla narzeczonych<\/strong>. Odbywaj\u0105 si\u0119 one w dw\u00f3ch formach (do wyboru) podstawowej i nadzwyczajnej.<\/p>\n<p>W zak\u0142adce \"Poradnie rodzinne\" znajdziemy <strong>adresy poradni i telefony<\/strong> do pos\u0142uguj\u0105cych tam doradc\u00f3w.<\/p>\n<p>W zak\u0142adce \"Liturgia sakramentu ma\u0142\u017ce\u0144stwa\" znajdziemy <strong>teksty liturgii sakramentu ma\u0142\u017ce\u0144stwa \u0142\u0105cznie z czytaniami i modlitw\u0105 powszechn\u0105<\/strong>. Cz\u0119sto narzeczeni sami wybieraj\u0105 sobie teksty Pisma \u015awi\u0119tego na Msz\u0119 \u015blubn\u0105.<\/p>\n<p>Zak\u0142adki \"Modlitwa za narzeczonego \/ narzeczon\u0105\" nie b\u0119dziemy specjalnie wyja\u015bnia\u0107, ale <strong>zach\u0119camy, aby tam cz\u0119sto zagl\u0105da\u0107<\/strong>.<\/p>\n<p><strong>Poniewa\u017c mog\u0105 pojawi\u0107 si\u0119 r\u00f3\u017cne pytania zapraszamy do kancelarii parafialnej gdzie podczas rozmowy duszpasterskiej b\u0119dzie mo\u017cna wyja\u015bni\u0107 wszelkie zawi\u0142o\u015bci.<\/strong><\/p>\n<\/div>\n\t\t\t\t<\/div>\n\t\t\t\t<\/div>\n\t\t<\/div>\n\t\t\n","protected":false},"excerpt":{"rendered":"<p><span class=\"more-link\"><a href=\"https:\/\/parafia.faustyna.bialystok.pl\/?page_id=38\">Czytaj dalej<\/a><\/span><\/p>\n","protected":false},"author":1,"featured_media":0,"parent":0,"menu_order":0,"comment_status":"closed","ping_status":"closed","template":"","meta":{"footnotes":""},"class_list":["entry","author-parafia_admin","post-38","page","type-page","status-publish"],"_links":{"self":[{"href":"https:\/\/parafia.faustyna.bialystok.pl\/index.php?rest_route=\/wp\/v2\/pages\/38","targetHints":{"allow":["GET"]}}],"collection":[{"href":"https:\/\/parafia.faustyna.bialystok.pl\/index.php?rest_route=\/wp\/v2\/pages"}],"about":[{"href":"https:\/\/parafia.faustyna.bialystok.pl\/index.php?rest_route=\/wp\/v2\/types\/page"}],"author":[{"embeddable":true,"href":"https:\/\/parafia.faustyna.bialystok.pl\/index.php?rest_route=\/wp\/v2\/users\/1"}],"replies":[{"embeddable":true,"href":"https:\/\/parafia.faustyna.bialystok.pl\/index.php?rest_route=%2Fwp%2Fv2%2Fcomments&post=38"}],"version-history":[{"count":4,"href":"https:\/\/parafia.faustyna.bialystok.pl\/index.php?rest_route=\/wp\/v2\/pages\/38\/revisions"}],"predecessor-version":[{"id":45,"href":"https:\/\/parafia.faustyna.bialystok.pl\/index.php?rest_route=\/wp\/v2\/pages\/38\/revisions\/45"}],"wp:attachment":[{"href":"https:\/\/parafia.faustyna.bialystok.pl\/index.php?rest_route=%2Fwp%2Fv2%2Fmedia&parent=38"}],"curies":[{"name":"wp","href":"https:\/\/api.w.org\/{rel}","templated":true}]}}