{"id":46,"date":"2021-12-28T09:51:37","date_gmt":"2021-12-28T09:51:37","guid":{"rendered":"https:\/\/parafia.faustyna.bialystok.pl\/?page_id=46"},"modified":"2021-12-30T09:33:29","modified_gmt":"2021-12-30T08:33:29","slug":"nasza-patronka","status":"publish","type":"page","link":"https:\/\/parafia.faustyna.bialystok.pl\/?page_id=46","title":{"rendered":"Nasza patronka"},"content":{"rendered":"\n<div class=\"wp-block-image\"><figure class=\"alignleft size-full is-resized\"><img decoding=\"async\" src=\"https:\/\/parafia.faustyna.bialystok.pl\/wp-content\/uploads\/2021\/12\/faustyna-3-1.jpg\" alt=\"\" class=\"wp-image-47\" height=\"300\" srcset=\"https:\/\/parafia.faustyna.bialystok.pl\/wp-content\/uploads\/2021\/12\/faustyna-3-1.jpg 299w, https:\/\/parafia.faustyna.bialystok.pl\/wp-content\/uploads\/2021\/12\/faustyna-3-1-219x300.jpg 219w\" sizes=\"(max-width: 299px) 100vw, 299px\" \/><\/figure><\/div>\n\n\n\n<p>Helena Kowalska urodzi\u0142a si\u0119 25 sierpnia 1905 r. w rolniczej rodzinie z G\u0142ogowca k\/\u0141odzi jako trzecie z dziesi\u0119ciorga dzieci. Dwa dni p\u00f3\u017aniej zosta\u0142a ochrzczona w ko\u015bciele parafialnym pod wezwaniem \u015bw. Kazimierza w \u015awinicach Warckich (diecezja w\u0142oc\u0142awska). Nadano jej w\u00f3wczas imi\u0119 Helena. Kiedy mia\u0142a siedem lat, po raz pierwszy us\u0142ysza\u0142a w duszy g\u0142os wzywaj\u0105cy do doskonalszego \u017cycia. W 1914 r. przyj\u0119\u0142a I Komuni\u0119 \u015bwi\u0119t\u0105, a dopiero trzy lata p\u00f3\u017aniej rozpocz\u0119\u0142a nauk\u0119 w szkole podstawowej. Mimo dobrych wynik\u00f3w uczy\u0142a si\u0119 tylko trzy lata, potem musia\u0142a zrezygnowa\u0107, aby pomaga\u0107 matce w domu.W szesnastym roku \u017cycia opu\u015bci\u0142a dom rodzinny, by na s\u0142u\u017cbie u zamo\u017cnych rodzin w Aleksandrowie, \u0141odzi i Ostr\u00f3wku zarobi\u0107 na w\u0142asne utrzymanie i pom\u00f3c rodzicom. Przez ca\u0142y czas bardzo pragn\u0119\u0142a \u017cycia zakonnego, ale rodzicom powiedzia\u0142a o swoich zamiarach dopiero w 1922 r. Ojciec jednak nie wyrazi\u0142 zgody, motywuj\u0105c odmow\u0119 brakiem pieni\u0119dzy na wypraw\u0119 wymagan\u0105 w klasztorach.<\/p>\n\n\n\n<p>W lipcu 1924 r., kiedy Helena z kole\u017cankami uczestniczy\u0142a w zabawie w parku ko\u0142o \u0142\u00f3dzkiej katedry, Pan Jezus przem\u00f3wi\u0142 do niej i poleci\u0142 niezw\u0142ocznie pojecha\u0107 do Warszawy i wst\u0105pi\u0107 do klasztoru. Helena postanowi\u0142a nie wraca\u0107 do domu i postawi\u0107 rodzic\u00f3w przed faktem dokonanym. O tym planie powiedzia\u0142a tylko siostrze, z kt\u00f3r\u0105 by\u0142a, i pierwszym poci\u0105giem przyjecha\u0142a do Warszawy. Tu nast\u0119pnego dnia zg\u0142osi\u0142a si\u0119 do Zgromadzenia Si\u00f3str Matki Bo\u017cej Mi\u0142osierdzia przy ul. \u017bytniej. Musia\u0142a jednak jeszcze rok przepracowa\u0107 w Warszawie, aby od\u0142o\u017cy\u0107 pieni\u0105dze na skromn\u0105 wypraw\u0119. 1 sierpnia 1925 r. zosta\u0142a przyj\u0119ta do Zgromadzenia. Postulat odbywa\u0142a w Warszawie, a nowicjat w Krakowie, gdzie w czasie ob\u0142\u00f3czyn zakonnych razem z habitem otrzyma\u0142a imi\u0119 Maria Faustyna. Od marca 1926 r. B\u00f3g do\u015bwiadcza\u0142 siostr\u0119 Faustyn\u0119 ogromnymi trudno\u015bciami wewn\u0119trznymi; wiele przecierpia\u0142a a\u017c do ko\u0144ca nowicjatu. W Wielki Pi\u0105tek 1927 r. zbola\u0142\u0105 dusz\u0119 nowicjuszki ogarn\u0105\u0142 \u017car Bo\u017cej Mi\u0142o\u015bci. Zapomnia\u0142a o w\u0142asnych cierpieniach, poznaj\u0105c, jak bardzo cierpia\u0142 dla niej Jezus. 30 kwietnia 1928 r. z\u0142o\u017cy\u0142a pierwsze \u015bluby zakonne, nast\u0119pnie z pokor\u0105 i rado\u015bci\u0105 pracowa\u0142a w r\u00f3\u017cnych domach zakonnych, m.in. w Krakowie, P\u0142ocku i Wilnie, pe\u0142ni\u0105c rozmaite obowi\u0105zki. Zawsze pozostawa\u0142a w pe\u0142nym zjednoczeniu z Bogiem. Jej bogate \u017cycie wewn\u0119trzne wspierane by\u0142o poprzez wizje i objawienia.<\/p>\n\n\n\n<div class=\"wp-block-image\"><figure class=\"alignright size-full is-resized\"><img fetchpriority=\"high\" decoding=\"async\" src=\"https:\/\/parafia.faustyna.bialystok.pl\/wp-content\/uploads\/2021\/12\/faustyna-2-wp.jpg\" alt=\"\" class=\"wp-image-318\" width=\"372\" height=\"600\" srcset=\"https:\/\/parafia.faustyna.bialystok.pl\/wp-content\/uploads\/2021\/12\/faustyna-2-wp.jpg 496w, https:\/\/parafia.faustyna.bialystok.pl\/wp-content\/uploads\/2021\/12\/faustyna-2-wp-186x300.jpg 186w, https:\/\/parafia.faustyna.bialystok.pl\/wp-content\/uploads\/2021\/12\/faustyna-2-wp-341x550.jpg 341w, https:\/\/parafia.faustyna.bialystok.pl\/wp-content\/uploads\/2021\/12\/faustyna-2-wp-310x500.jpg 310w\" sizes=\"(max-width: 372px) 100vw, 372px\" \/><\/figure><\/div>\n\n\n\n<p>W zakonie prze\u017cy\u0142a 13 lat. 22 lutego 1931 r. po raz pierwszy ujrza\u0142a Pana Jezusa Mi\u0142osiernego. Otrzyma\u0142a wtedy polecenie namalowania takiego obrazu, jak ukazana jej posta\u0107 Zbawiciela, oraz publicznego wystawienia go w ko\u015bciele. Mimo znacznego pogorszenia stanu zdrowia pozwolono jej na z\u0142o\u017cenie profesji wieczystej 30 kwietnia 1933 r. P\u00f3\u017aniej zosta\u0142a skierowana do domu zakonnego w Wilnie. Na pocz\u0105tku 1934 roku zwr\u00f3ci\u0142a si\u0119 z pro\u015bb\u0105 do artysty-malarza Eugeniusza Kazimierskiego o wykonanie wed\u0142ug jej wskaz\u00f3wek obrazu Mi\u0142osierdzia Bo\u017cego. Gdy w czerwcu ujrza\u0142a uko\u0144czony obraz, p\u0142aka\u0142a, \u017ce Chrystus nie jest tak pi\u0119kny, jak Go widzia\u0142a.<\/p>\n\n\n\n<p>Dzi\u0119ki usilnym staraniom ks. Micha\u0142a Sopo\u0107ko, kierownika duchowego siostry Faustyny, obraz zosta\u0142 wystawiony po raz pierwszy w czasie triduum poprzedzaj\u0105cego uroczysto\u015b\u0107 zako\u0144czenia Jubileuszu Odkupienia \u015bwiata w dniach 26-28 kwietnia 1935 r. Zosta\u0142 umieszczony wysoko w oknie Ostrej Bramy i wida\u0107 go by\u0142o z daleka. Uroczysto\u015b\u0107 ta zbieg\u0142a si\u0119 z pierwsz\u0105 niedziel\u0105 po Wielkanocy, tzw. niedziel\u0105 przewodni\u0105, kt\u00f3ra &#8211; jak twierdzi\u0142a siostra Faustyna &#8211; mia\u0142a by\u0107 prze\u017cywana na polecenie Chrystusa jako \u015bwi\u0119to Mi\u0142osierdzia Bo\u017cego. Ksi\u0105dz Micha\u0142 Sopo\u0107ko wyg\u0142osi\u0142 w\u00f3wczas kazanie o Bo\u017cym Mi\u0142osierdziu. W 1936 r. stan zdrowia siostry Faustyny pogorszy\u0142 si\u0119 znacznie, stwierdzono u niej zaawansowan\u0105 gru\u017alic\u0119. Od marca tego roku do grudnia 1937 r. przebywa\u0142a na leczeniu w szpitalu na krakowskim Pr\u0105dniku Bia\u0142ym. Wiele modli\u0142a si\u0119 w tym czasie, odwiedza\u0142a chorych, a umieraj\u0105cych otacza\u0142a szczeg\u00f3ln\u0105 modlitewn\u0105 pomoc\u0105. Po powrocie ze szpitala pe\u0142ni\u0142a przez pewien czas obowi\u0105zki furtianki. Stara\u0142a si\u0119 bardzo, by \u017caden ubogi nie odszed\u0142 bez najmniejszego cho\u0107by wsparcia od furty klasztornej. Wywiera\u0142a bardzo pozytywny wp\u0142yw na wychowanki Zgromadzenia, daj\u0105c im przyk\u0142ad pobo\u017cno\u015bci i gorliwo\u015bci, a zarazem wielkiej mi\u0142o\u015bci.<\/p>\n\n\n\n<p>Chrystus uczyni\u0142 siostr\u0119 Faustyn\u0119 odpowiedzialn\u0105 za szerzenie kultu Jego Mi\u0142osierdzia. Poleci\u0142 pisanie&nbsp;Dzienniczka&nbsp;po\u015bwi\u0119conego tej sprawie, odmawianie nowenny, koronki i innych modlitw do Bo\u017cego Mi\u0142osierdzia. Codziennie o godzinie 15:00 Faustyna czci\u0142a Jego konanie na krzy\u017cu. Przepowiedzia\u0142a tak\u017ce, \u017ce szerzona przez ni\u0105 forma kultu Mi\u0142osierdzia Bo\u017cego b\u0119dzie zabroniona przez w\u0142adze ko\u015bcielne. Dzi\u0119ki s. Faustynie odnowiony i pog\u0142\u0119biony zosta\u0142 kult Mi\u0142osierdzia Bo\u017cego. To od niej pochodzi pi\u0119\u0107 form jego czci: obraz Jezusa Mi\u0142osiernego (&#8220;Jezu, ufam Tobie&#8221;), koronka do Mi\u0142osierdzia Bo\u017cego, Godzina Mi\u0142osierdzia (godzina 15, w kt\u00f3rej Jezus umar\u0142 na krzy\u017cu), litania oraz \u015bwi\u0119to Mi\u0142osierdzia Bo\u017cego w II Niedziel\u0119 Wielkanocn\u0105.<\/p>\n\n\n\n<p>W kwietniu 1938 r. nast\u0105pi\u0142o gwa\u0142towne pogorszenie stanu zdrowia siostry Faustyny. Ksi\u0105dz Micha\u0142 Sopo\u0107ko udzieli\u0142 jej w szpitalu sakramentu chorych, widzia\u0142 j\u0105 tam w ekstazie. Po d\u0142ugich cierpieniach, kt\u00f3re znosi\u0142a bardzo cierpliwie, zmar\u0142a w wieku 33 lat &#8211; 5 pa\u017adziernika 1938 r. Jej cia\u0142o pochowano na cmentarzu zakonnym w Krakowie-\u0141agiewnikach. W 1966 r. w trakcie trwania procesu informacyjnego w sprawie beatyfikacji siostry Faustyny, przeniesiono jej doczesne szcz\u0105tki do kaplicy Si\u00f3str Matki Bo\u017cej Mi\u0142osierdzia w Krakowie-\u0141agiewnikach.<br>S. Faustyna zosta\u0142a beatyfikowana 18 kwietnia 1993 r., a og\u0142oszona \u015bwi\u0119t\u0105 30 kwietnia 2000 r. Uroczysto\u015b\u0107 kanonizacji przypad\u0142a w II Niedziel\u0119 Wielkanocn\u0105, kt\u00f3r\u0105 \u015bw. Jan Pawe\u0142 II ustanowi\u0142 wtedy \u015bwi\u0119tem Mi\u0142osierdzia Bo\u017cego. Relikwie \u015bw. siostry Faustyny znajduj\u0105 si\u0119 w Krakowie-\u0141agiewnikach, gdzie mie\u015bci si\u0119 sanktuarium Mi\u0142osierdzia Bo\u017cego odwiedzane przez setki tysi\u0119cy wiernych z kraju i z ca\u0142ego \u015bwiata. Dwukrotnie nawiedzi\u0142 je r\u00f3wnie\u017c \u015bw. Jan Pawe\u0142 II, po raz pierwszy w 1997 r., a po raz drugi &#8211; 17 sierpnia 2002 r., aby dokona\u0107 uroczystej konsekracji nowo wybudowanej \u015bwi\u0105tyni w Krakowie-\u0141agiewnikach i zawierzy\u0107 ca\u0142y \u015bwiat Bo\u017cemu Mi\u0142osierdziu.<\/p>\n\n\n\n<p>W ikonografii \u015bw. Faustyna przedstawiana jest w czarnym habicie, w stroju swego zgromadzenia.<\/p>\n","protected":false},"excerpt":{"rendered":"<p>Helena Kowalska urodzi\u0142a si\u0119 25 sierpnia 1905 r. w rolniczej rodzinie z G\u0142ogowca k\/\u0141odzi jako trzecie z dziesi\u0119ciorga dzieci. Dwa dni p\u00f3\u017aniej zosta\u0142a ochrzczona w ko\u015bciele parafialnym pod wezwaniem \u015bw. Kazimierza w \u015awinicach Warckich (diecezja w\u0142oc\u0142awska). Nadano jej w\u00f3wczas imi\u0119 Helena. Kiedy mia\u0142a siedem lat, po raz pierwszy us\u0142ysza\u0142a w<span class=\"more-link\"><a href=\"https:\/\/parafia.faustyna.bialystok.pl\/?page_id=46\">Czytaj dalej<\/a><\/span><\/p>\n","protected":false},"author":1,"featured_media":0,"parent":0,"menu_order":0,"comment_status":"closed","ping_status":"closed","template":"","meta":{"footnotes":""},"class_list":["entry","author-parafia_admin","post-46","page","type-page","status-publish"],"_links":{"self":[{"href":"https:\/\/parafia.faustyna.bialystok.pl\/index.php?rest_route=\/wp\/v2\/pages\/46","targetHints":{"allow":["GET"]}}],"collection":[{"href":"https:\/\/parafia.faustyna.bialystok.pl\/index.php?rest_route=\/wp\/v2\/pages"}],"about":[{"href":"https:\/\/parafia.faustyna.bialystok.pl\/index.php?rest_route=\/wp\/v2\/types\/page"}],"author":[{"embeddable":true,"href":"https:\/\/parafia.faustyna.bialystok.pl\/index.php?rest_route=\/wp\/v2\/users\/1"}],"replies":[{"embeddable":true,"href":"https:\/\/parafia.faustyna.bialystok.pl\/index.php?rest_route=%2Fwp%2Fv2%2Fcomments&post=46"}],"version-history":[{"count":4,"href":"https:\/\/parafia.faustyna.bialystok.pl\/index.php?rest_route=\/wp\/v2\/pages\/46\/revisions"}],"predecessor-version":[{"id":470,"href":"https:\/\/parafia.faustyna.bialystok.pl\/index.php?rest_route=\/wp\/v2\/pages\/46\/revisions\/470"}],"wp:attachment":[{"href":"https:\/\/parafia.faustyna.bialystok.pl\/index.php?rest_route=%2Fwp%2Fv2%2Fmedia&parent=46"}],"curies":[{"name":"wp","href":"https:\/\/api.w.org\/{rel}","templated":true}]}}