{"id":81,"date":"2021-12-28T11:19:21","date_gmt":"2021-12-28T11:19:21","guid":{"rendered":"https:\/\/parafia.faustyna.bialystok.pl\/?page_id=81"},"modified":"2021-12-30T09:33:29","modified_gmt":"2021-12-30T08:33:29","slug":"rada-duszpasterska","status":"publish","type":"page","link":"https:\/\/parafia.faustyna.bialystok.pl\/?page_id=81","title":{"rendered":"Rada Duszpasterska"},"content":{"rendered":"\n<p>Rada Duszpasterska&nbsp;stanowi, zgodnie z kanonem 536 KPK, cia\u0142o doradcze, kt\u00f3re pod kierownictwem proboszcza parafii wspomaga kap\u0142an\u00f3w w organizacji \u017cycia duszpasterskiego w danej wsp\u00f3lnocie wiernych. W realizacji swoich zada\u0144 Rada duszpasterska kieruje si\u0119 celami okre\u015blonymi przez kanon 1254 \u00a7 2 KPK, uwzgl\u0119dniaj\u0105c specyfik\u0119 duszpastersk\u0105 danego o\u015brodka.<\/p>\n\n\n\n<p>Za sw\u00f3j podstawowy cel Rada duszpasterska ma wsp\u00f3\u0142odpowiedzialne wspieranie kap\u0142an\u00f3w w organizacji \u017cycia duszpasterskiego danej wsp\u00f3lnoty. Czyni to przez:<\/p>\n\n\n\n<ol class=\"wp-block-list\"><li>Udzia\u0142 w organizowaniu kultu Bo\u017cego w parafii (KPK 1254 \u00a7 2).&nbsp;<\/li><li>Uczestniczenie w trosce duszpasterskiej o parafi\u0119 (KPK 534).&nbsp;<\/li><li>Pomaganie kap\u0142anom w o\u017cywianiu dzia\u0142alno\u015bci duszpasterskiej (KPK 534).&nbsp;<\/li><li>Prowadzenie dzie\u0142 apostolskich (KPK 1254).&nbsp;<\/li><li>Troska o godziwe utrzymanie duchowie\u0144stwa i pracownik\u00f3w ko\u015bcielnych.&nbsp;&nbsp;<\/li><\/ol>\n\n\n\n<p>Rada realizuje wyznaczone cele przede wszystkim przez wsp\u00f3\u0142dzia\u0142anie z duszpasterzami w:<\/p>\n\n\n\n<ol class=\"wp-block-list\"><li>Opracowywaniu rocznych plan\u00f3w duszpasterskich.<\/li><li>Animowaniu dzia\u0142alno\u015bci grup duszpasterstwa specjalistycznego,&nbsp;<\/li><li>Koordynowaniu prowadzonych form duszpasterstwa.&nbsp;<\/li><li>Inspirowaniu dzia\u0142alno\u015bci charytatywnej.&nbsp;<\/li><li>Trosce o podejmowanie inicjatyw duszpasterskich uwzgl\u0119dniaj\u0105cych zachodz\u0105ce przemiany spo\u0142eczno-kulturowe.&nbsp;&nbsp;<\/li><\/ol>\n\n\n\n<p>W realizacji wyznaczonych cel\u00f3w Rada winna kierowa\u0107 si\u0119 odpowiedzialno\u015bci\u0105, troszczy\u0107 si\u0119 o w\u0142a\u015bciw\u0105 formacj\u0119 swoich cz\u0142onk\u00f3w i rzetelnie s\u0142u\u017cy\u0107 rozwojowi \u017cycia parafialnego.<\/p>\n","protected":false},"excerpt":{"rendered":"<p>Rada Duszpasterska&nbsp;stanowi, zgodnie z kanonem 536 KPK, cia\u0142o doradcze, kt\u00f3re pod kierownictwem proboszcza parafii wspomaga kap\u0142an\u00f3w w organizacji \u017cycia duszpasterskiego w danej wsp\u00f3lnocie wiernych. W realizacji swoich zada\u0144 Rada duszpasterska kieruje si\u0119 celami okre\u015blonymi przez kanon 1254 \u00a7 2 KPK, uwzgl\u0119dniaj\u0105c specyfik\u0119 duszpastersk\u0105 danego o\u015brodka. Za sw\u00f3j podstawowy cel Rada<span class=\"more-link\"><a href=\"https:\/\/parafia.faustyna.bialystok.pl\/?page_id=81\">Czytaj dalej<\/a><\/span><\/p>\n","protected":false},"author":1,"featured_media":0,"parent":0,"menu_order":0,"comment_status":"closed","ping_status":"closed","template":"","meta":{"footnotes":""},"class_list":["entry","author-parafia_admin","post-81","page","type-page","status-publish"],"_links":{"self":[{"href":"https:\/\/parafia.faustyna.bialystok.pl\/index.php?rest_route=\/wp\/v2\/pages\/81","targetHints":{"allow":["GET"]}}],"collection":[{"href":"https:\/\/parafia.faustyna.bialystok.pl\/index.php?rest_route=\/wp\/v2\/pages"}],"about":[{"href":"https:\/\/parafia.faustyna.bialystok.pl\/index.php?rest_route=\/wp\/v2\/types\/page"}],"author":[{"embeddable":true,"href":"https:\/\/parafia.faustyna.bialystok.pl\/index.php?rest_route=\/wp\/v2\/users\/1"}],"replies":[{"embeddable":true,"href":"https:\/\/parafia.faustyna.bialystok.pl\/index.php?rest_route=%2Fwp%2Fv2%2Fcomments&post=81"}],"version-history":[{"count":1,"href":"https:\/\/parafia.faustyna.bialystok.pl\/index.php?rest_route=\/wp\/v2\/pages\/81\/revisions"}],"predecessor-version":[{"id":82,"href":"https:\/\/parafia.faustyna.bialystok.pl\/index.php?rest_route=\/wp\/v2\/pages\/81\/revisions\/82"}],"wp:attachment":[{"href":"https:\/\/parafia.faustyna.bialystok.pl\/index.php?rest_route=%2Fwp%2Fv2%2Fmedia&parent=81"}],"curies":[{"name":"wp","href":"https:\/\/api.w.org\/{rel}","templated":true}]}}