{"id":83,"date":"2021-12-28T11:21:16","date_gmt":"2021-12-28T11:21:16","guid":{"rendered":"https:\/\/parafia.faustyna.bialystok.pl\/?page_id=83"},"modified":"2021-12-30T09:33:29","modified_gmt":"2021-12-30T08:33:29","slug":"rada-parafialna","status":"publish","type":"page","link":"https:\/\/parafia.faustyna.bialystok.pl\/?page_id=83","title":{"rendered":"Rada Parafialna"},"content":{"rendered":"\n<p><strong>Rada Parafialna<\/strong><br>Sob\u00f3r Watyka\u0144ski II uczy, \u017ce zadaniem kap\u0142an\u00f3w jest u\u015bwiadomienie katolikom \u015bwieckim ich wsp\u00f3\u0142odpowiedzialno\u015bci za Ko\u015bci\u00f3\u0142. Wsp\u00f3lna odpowiedzialno\u015b\u0107 za Ko\u015bci\u00f3\u0142 zobowi\u0105zuje duszpasterzy, aby respektowali rol\u0119 \u015bwieckich, korzystali z ich rad i wsp\u00f3\u0142pracy oraz za zaufaniem powierzali im zadania w s\u0142u\u017cbie Ludu Bo\u017cego, przestrzegaj\u0105c zasady pomocniczo\u015bci, kt\u00f3ra domaga si\u0119, aby kap\u0142ani pozostawiali \u015bwieckim wykonywanie funkcji le\u017c\u0105cych w zakresie ich zdolno\u015bci i kompetencji (KK 37). Jednym ze sposob\u00f3w umo\u017cliwienia \u015bwieckim prze\u017cycia tej odpowiedzialno\u015bci za Ko\u015bci\u00f3\u0142 oraz umo\u017cliwienia im zgodnej wsp\u00f3\u0142pracy ka\u017cdy na sw\u00f3j spos\u00f3b, ale dla wsp\u00f3lnego dzie\u0142a jest mi\u0119dzy innym Rada Parafialna.<\/p>\n\n\n\n<p><strong>Czym jest Rada Parafialna?<\/strong><br>Rada Parafialna jest organem doradczym ksi\u0119dza Proboszcza i reprezentacj\u0105 wsp\u00f3lnoty parafialnej. Z jednej strony wspomaga ona i koordynuje organizacj\u0119 pracy duszpasterskiej, a z drugiej strony wyra\u017ca opini\u0119 o sprawach parafii oraz wysuwa propozycje dotycz\u0105ce r\u00f3\u017cnych form apostolstwa \u015bwieckich, dzia\u0142alno\u015bci charytatywnej i dzia\u0142alno\u015bci na rzecz wsp\u00f3lnoty parafialnej.<br>Wszystkie dzia\u0142ania duszpasterstwa parafialnego stara si\u0119 podejmowa\u0107 w duchu odpowiedzialno\u015bci razem z duszpasterzami, za parafi\u0119 i poziom jej \u017cycia religijnego oraz zgodnie z kan. 536 Kodeksu Prawa Kanonicznego. Stara si\u0119 te\u017c pomaga\u0107 duszpasterzom w rozeznaniu problem\u00f3w spo\u0142eczno-religijnych, wyst\u0119puj\u0105cych na terenie parafii tak, aby spe\u0142niali oni z nale\u017cytym skutkiem rol\u0119 przewodnik\u00f3w dla ludzi. Zmierza te\u017c do uaktywnienia poszczeg\u00f3lnych wiernych, zespo\u0142\u00f3w parafialnych i grup apostolskich.<\/p>\n\n\n\n<p><strong>Kto mo\u017ce by\u0107 w Radzie?&nbsp;<\/strong><br>Sk\u0142ad Rady powinien odzwierciedla\u0107 przekr\u00f3j spo\u0142eczny ca\u0142ej parafii, czyli powinien uwzgl\u0119dnia\u0107 takie elementy, jak: struktura wieku, zawodu, wykszta\u0142cenia. Optymalna liczba cz\u0142onk\u00f3w Rady si\u0119ga od 15 do 30 os\u00f3b w zale\u017cno\u015bci od specyfiki terenu i potrzeb parafii. Cz\u0142onk\u00f3w Rady powo\u0142uje proboszcz.<br>Cz\u0142onkami Rady mog\u0105 by\u0107 jedynie praktykuj\u0105cy katolicy, kt\u00f3rzy przyj\u0119li sakrament bierzmowania i s\u0105 znani z nienagannych zasad moralnych. Zebrania Rady zwo\u0142uje ks. Proboszcz w zale\u017cno\u015bci od aktualnych potrzeb duszpasterskich i przewodniczy obradom. Z ka\u017cdego zebrania powinien by\u0107 sporz\u0105dzony protok\u00f3\u0142, kt\u00f3ry zostaje odczytany na nast\u0119pnym posiedzeniu.<\/p>\n\n\n\n<p><strong>Jakie zadania ma Rada Parafialna?&nbsp;<\/strong><br>Do zada\u0144 Rady nale\u017cy wyra\u017canie opinii w sprawach dotycz\u0105cych parafii oraz wysuwanie propozycji i wniosk\u00f3w zmierzaj\u0105cych do doskonalenia pracy parafialnej. Rada nie jest po to, by kierowa\u0107 parafi\u0105. Ma ona jednak g\u0142os doradczy w pot\u0119gowaniu dzia\u0142alno\u015bci pasterskiej. Cz\u0142onkowie Rady powinni dociera\u0107 do parafian stoj\u0105cych z dala od Ko\u015bcio\u0142a lub zachwianych w wierze. Rada winna omawia\u0107 sprawy materialno-gospodarcze parafii maj\u0105ce bezpo\u015bredni zwi\u0105zek, na przyk\u0142ad: ko\u015bci\u00f3\u0142 i jego otoczenie, kaplice, pomieszczenia i obiekty parafialne. Rada powinna wspiera\u0107 proboszcza w zarz\u0105dzaniu dobrami materialnymi parafii. Poniewa\u017c wykonywanie tych zada\u0144 wymaga od cz\u0142onk\u00f3w Rady dojrza\u0142o\u015bci duchowej i odpowiedniego poziomu religijnej wiedzy, to powinni oni stale pog\u0142\u0119bia\u0107 swoje \u017cycie wewn\u0119trzne i swoj\u0105 wiedz\u0119 poprzez czytanie Pisma \u015awi\u0119tego, s\u0142uchanie wyk\u0142ad\u00f3w, rekolekcje, itp\u2026 W dniu 23 wrze\u015bnia 2011 roku po raz pierwszy zebra\u0142a si\u0119 Rada Parafialna. Nale\u017c\u0105 do niej osoby, kt\u00f3re chc\u0105 dba\u0107 o rozw\u00f3j duchowy i materialny wsp\u00f3lnoty. Do Rady nale\u017cy 7 os\u00f3b.&nbsp;<\/p>\n","protected":false},"excerpt":{"rendered":"<p>Rada ParafialnaSob\u00f3r Watyka\u0144ski II uczy, \u017ce zadaniem kap\u0142an\u00f3w jest u\u015bwiadomienie katolikom \u015bwieckim ich wsp\u00f3\u0142odpowiedzialno\u015bci za Ko\u015bci\u00f3\u0142. Wsp\u00f3lna odpowiedzialno\u015b\u0107 za Ko\u015bci\u00f3\u0142 zobowi\u0105zuje duszpasterzy, aby respektowali rol\u0119 \u015bwieckich, korzystali z ich rad i wsp\u00f3\u0142pracy oraz za zaufaniem powierzali im zadania w s\u0142u\u017cbie Ludu Bo\u017cego, przestrzegaj\u0105c zasady pomocniczo\u015bci, kt\u00f3ra domaga si\u0119, aby kap\u0142ani<span class=\"more-link\"><a href=\"https:\/\/parafia.faustyna.bialystok.pl\/?page_id=83\">Czytaj dalej<\/a><\/span><\/p>\n","protected":false},"author":1,"featured_media":0,"parent":0,"menu_order":0,"comment_status":"closed","ping_status":"closed","template":"","meta":{"footnotes":""},"class_list":["entry","author-parafia_admin","post-83","page","type-page","status-publish"],"_links":{"self":[{"href":"https:\/\/parafia.faustyna.bialystok.pl\/index.php?rest_route=\/wp\/v2\/pages\/83","targetHints":{"allow":["GET"]}}],"collection":[{"href":"https:\/\/parafia.faustyna.bialystok.pl\/index.php?rest_route=\/wp\/v2\/pages"}],"about":[{"href":"https:\/\/parafia.faustyna.bialystok.pl\/index.php?rest_route=\/wp\/v2\/types\/page"}],"author":[{"embeddable":true,"href":"https:\/\/parafia.faustyna.bialystok.pl\/index.php?rest_route=\/wp\/v2\/users\/1"}],"replies":[{"embeddable":true,"href":"https:\/\/parafia.faustyna.bialystok.pl\/index.php?rest_route=%2Fwp%2Fv2%2Fcomments&post=83"}],"version-history":[{"count":1,"href":"https:\/\/parafia.faustyna.bialystok.pl\/index.php?rest_route=\/wp\/v2\/pages\/83\/revisions"}],"predecessor-version":[{"id":84,"href":"https:\/\/parafia.faustyna.bialystok.pl\/index.php?rest_route=\/wp\/v2\/pages\/83\/revisions\/84"}],"wp:attachment":[{"href":"https:\/\/parafia.faustyna.bialystok.pl\/index.php?rest_route=%2Fwp%2Fv2%2Fmedia&parent=83"}],"curies":[{"name":"wp","href":"https:\/\/api.w.org\/{rel}","templated":true}]}}